{"id":531,"date":"2014-01-18T20:37:56","date_gmt":"2014-01-18T19:37:56","guid":{"rendered":"http:\/\/marienhoehe.manifoto.de\/?page_id=531"},"modified":"2014-01-18T23:25:52","modified_gmt":"2014-01-18T22:25:52","slug":"ueber","status":"publish","type":"page","link":"https:\/\/marienhoehe.manifoto.de\/?page_id=531","title":{"rendered":"\u00fcber"},"content":{"rendered":"<p><a href=\"http:\/\/marienhoehe.manifoto.de\/wordpress\/wp-content\/uploads\/2014\/01\/140118_panorama_manifoto_0334.jpg\"><img loading=\"lazy\" decoding=\"async\" class=\" wp-image-533 alignright\" style=\"margin-left: 20px; margin-right: 0px;\" title=\"ich aufm berg\" alt=\"140118_panorama_manifoto_0334\" src=\"http:\/\/marienhoehe.manifoto.de\/wordpress\/wp-content\/uploads\/2014\/01\/140118_panorama_manifoto_0334.jpg\" width=\"480\" height=\"328\" srcset=\"https:\/\/marienhoehe.manifoto.de\/wordpress\/wp-content\/uploads\/2014\/01\/140118_panorama_manifoto_0334.jpg 800w, https:\/\/marienhoehe.manifoto.de\/wordpress\/wp-content\/uploads\/2014\/01\/140118_panorama_manifoto_0334-439x300.jpg 439w\" sizes=\"(max-width: 480px) 100vw, 480px\" \/><\/a>Seit Mitte Januar 2013 komme ich in den Genuss eines gro\u00dfartigen Panoramas: Blick auf den Rhein, das Siebengebirge mit Drachenfels und \u00d6lberg, Bad Honnef, Rh\u00f6ndorf. Dazu oft atemberaubender Himmel, tolle Wetterszenarios.<br \/>\nInzwischen greife ich nicht mehr bei jeder sch\u00f6nen Stimmung sofort zur Kamera, aber es gibt so viele atemberaubende Momente, dass kaum ein Tag ohne ein bleibendes Foto vergeht.<\/p>\n<p>Dar\u00fcber hinaus gibt es spannende Tiere und Pflanzen hier auf dem Vulkan, auch das soll Thema dieser Webseite sein. Und wer wei\u00df, was sich sonst noch ergeben wird &#8230;<\/p>\n<p>Quasi t\u00e4glich neue Bilder, sowohl vom Berg als auch aus dem Rest der Welt, gibt es auf meiner facebookseite (auch f\u00fcr nicht-facebookler, keine Angst!): \u00a0<a href=\"https:\/\/www.facebook.com\/maniwollner.de\">https:\/\/www.facebook.com\/maniwollner.de<\/a><\/p>\n","protected":false},"excerpt":{"rendered":"<p>Seit Mitte Januar 2013 komme ich in den Genuss eines gro\u00dfartigen Panoramas: Blick auf den Rhein, das Siebengebirge mit Drachenfels und \u00d6lberg, Bad Honnef, Rh\u00f6ndorf. Dazu oft atemberaubender Himmel, tolle Wetterszenarios. Inzwischen greife ich nicht mehr bei jeder sch\u00f6nen Stimmung sofort zur Kamera, aber es gibt so viele atemberaubende Momente, dass kaum ein Tag ohne [&hellip;]<\/p>\n","protected":false},"author":1,"featured_media":0,"parent":0,"menu_order":0,"comment_status":"open","ping_status":"open","template":"","meta":{"footnotes":""},"_links":{"self":[{"href":"https:\/\/marienhoehe.manifoto.de\/index.php?rest_route=\/wp\/v2\/pages\/531"}],"collection":[{"href":"https:\/\/marienhoehe.manifoto.de\/index.php?rest_route=\/wp\/v2\/pages"}],"about":[{"href":"https:\/\/marienhoehe.manifoto.de\/index.php?rest_route=\/wp\/v2\/types\/page"}],"author":[{"embeddable":true,"href":"https:\/\/marienhoehe.manifoto.de\/index.php?rest_route=\/wp\/v2\/users\/1"}],"replies":[{"embeddable":true,"href":"https:\/\/marienhoehe.manifoto.de\/index.php?rest_route=%2Fwp%2Fv2%2Fcomments&post=531"}],"version-history":[{"count":9,"href":"https:\/\/marienhoehe.manifoto.de\/index.php?rest_route=\/wp\/v2\/pages\/531\/revisions"}],"predecessor-version":[{"id":556,"href":"https:\/\/marienhoehe.manifoto.de\/index.php?rest_route=\/wp\/v2\/pages\/531\/revisions\/556"}],"wp:attachment":[{"href":"https:\/\/marienhoehe.manifoto.de\/index.php?rest_route=%2Fwp%2Fv2%2Fmedia&parent=531"}],"curies":[{"name":"wp","href":"https:\/\/api.w.org\/{rel}","templated":true}]}}